{"id":1585,"date":"2020-01-01T05:46:18","date_gmt":"2020-01-01T04:46:18","guid":{"rendered":"https:\/\/www.pamacom.com\/produits\/materiel-composants-et-accessoires-pour-chaussures\/"},"modified":"2024-05-24T17:16:35","modified_gmt":"2024-05-24T15:16:35","slug":"materiel-composants-et-accessoires-pour-chaussures","status":"publish","type":"page","link":"https:\/\/www.pamacom.com\/fr\/produits\/materiel-composants-et-accessoires-pour-chaussures\/","title":{"rendered":"Mat\u00e9riel composants et accessoires pour chaussures"},"content":{"rendered":"\t\t<div data-elementor-type=\"wp-page\" data-elementor-id=\"1585\" class=\"elementor elementor-1585 elementor-234\">\n\t\t\t\t\t\t<section class=\"elementor-section elementor-top-section elementor-element elementor-element-d302f7c elementor-section-height-min-height elementor-section-items-top elementor-section-boxed elementor-section-height-default\" data-id=\"d302f7c\" data-element_type=\"section\" data-settings=\"{&quot;jet_parallax_layout_list&quot;:[{&quot;jet_parallax_layout_image&quot;:{&quot;url&quot;:&quot;&quot;,&quot;id&quot;:&quot;&quot;,&quot;size&quot;:&quot;&quot;},&quot;_id&quot;:&quot;b4625b0&quot;,&quot;jet_parallax_layout_speed&quot;:{&quot;unit&quot;:&quot;%&quot;,&quot;size&quot;:&quot;50&quot;,&quot;sizes&quot;:[]},&quot;jet_parallax_layout_bg_x&quot;:&quot;50&quot;,&quot;jet_parallax_layout_bg_y&quot;:&quot;50&quot;,&quot;jet_parallax_layout_image_tablet&quot;:{&quot;url&quot;:&quot;&quot;,&quot;id&quot;:&quot;&quot;,&quot;size&quot;:&quot;&quot;},&quot;jet_parallax_layout_image_mobile&quot;:{&quot;url&quot;:&quot;&quot;,&quot;id&quot;:&quot;&quot;,&quot;size&quot;:&quot;&quot;},&quot;jet_parallax_layout_type&quot;:&quot;scroll&quot;,&quot;jet_parallax_layout_direction&quot;:&quot;1&quot;,&quot;jet_parallax_layout_fx_direction&quot;:null,&quot;jet_parallax_layout_z_index&quot;:&quot;&quot;,&quot;jet_parallax_layout_bg_x_tablet&quot;:&quot;&quot;,&quot;jet_parallax_layout_bg_x_mobile&quot;:&quot;&quot;,&quot;jet_parallax_layout_bg_y_tablet&quot;:&quot;&quot;,&quot;jet_parallax_layout_bg_y_mobile&quot;:&quot;&quot;,&quot;jet_parallax_layout_bg_size&quot;:&quot;auto&quot;,&quot;jet_parallax_layout_bg_size_tablet&quot;:&quot;&quot;,&quot;jet_parallax_layout_bg_size_mobile&quot;:&quot;&quot;,&quot;jet_parallax_layout_animation_prop&quot;:&quot;transform&quot;,&quot;jet_parallax_layout_on&quot;:[&quot;desktop&quot;,&quot;tablet&quot;]}],&quot;background_background&quot;:&quot;classic&quot;}\">\n\t\t\t\t\t\t<div class=\"elementor-container elementor-column-gap-no\">\n\t\t\t\t\t<div class=\"elementor-column elementor-col-100 elementor-top-column elementor-element elementor-element-5d2ce5d\" data-id=\"5d2ce5d\" data-element_type=\"column\">\n\t\t\t<div class=\"elementor-widget-wrap elementor-element-populated\">\n\t\t\t\t\t\t<div class=\"elementor-element elementor-element-68c7e1c elementor-align-flex-end elementor-widget elementor-widget-raven-breadcrumbs\" data-id=\"68c7e1c\" data-element_type=\"widget\" data-widget_type=\"raven-breadcrumbs.default\">\n\t\t\t\t<div class=\"elementor-widget-container\">\n\t\t\t\t\t<div class=\"raven-breadcrumbs raven-breadcrumbs-default\"><div class=\"breadcrumb\">\t\t\t\t<div class=\"breadcrumb-item active\" aria-current=\"page\"><span>Home<\/span><\/div>\n\n\t\t\t\t<\/div><\/div>\t\t\t\t<\/div>\n\t\t\t\t<\/div>\n\t\t\t\t<div class=\"elementor-element elementor-element-2229362 elementor-invisible elementor-widget elementor-widget-heading\" data-id=\"2229362\" data-element_type=\"widget\" data-settings=\"{&quot;_animation&quot;:&quot;fadeInUp&quot;}\" data-widget_type=\"heading.default\">\n\t\t\t\t<div class=\"elementor-widget-container\">\n\t\t\t\t\t<h1 class=\"elementor-heading-title elementor-size-default\"><b>Approvisionnement pour la production<\/b><\/h1>\t\t\t\t<\/div>\n\t\t\t\t<\/div>\n\t\t\t\t<div class=\"elementor-element elementor-element-d2afef3 elementor-invisible elementor-widget elementor-widget-heading\" data-id=\"d2afef3\" data-element_type=\"widget\" data-settings=\"{&quot;_animation&quot;:&quot;fadeInUp&quot;,&quot;_animation_delay&quot;:500}\" data-widget_type=\"heading.default\">\n\t\t\t\t<div class=\"elementor-widget-container\">\n\t\t\t\t\t<h1 class=\"elementor-heading-title elementor-size-default\"><em>de chaussures<\/em><\/h1>\t\t\t\t<\/div>\n\t\t\t\t<\/div>\n\t\t\t\t\t<\/div>\n\t\t<\/div>\n\t\t\t\t\t<\/div>\n\t\t<\/section>\n\t\t\t\t<section class=\"elementor-section elementor-top-section elementor-element elementor-element-c92313e elementor-section-boxed elementor-section-height-default elementor-section-height-default elementor-invisible\" data-id=\"c92313e\" data-element_type=\"section\" data-settings=\"{&quot;jet_parallax_layout_list&quot;:[],&quot;animation&quot;:&quot;fadeInUp&quot;,&quot;animation_delay&quot;:500}\">\n\t\t\t\t\t\t<div class=\"elementor-container elementor-column-gap-default\">\n\t\t\t\t\t<div class=\"elementor-column elementor-col-100 elementor-top-column elementor-element elementor-element-aa95924\" data-id=\"aa95924\" data-element_type=\"column\">\n\t\t\t<div class=\"elementor-widget-wrap elementor-element-populated\">\n\t\t\t\t\t\t<div class=\"elementor-element elementor-element-4690844 elementor-widget elementor-widget-image\" data-id=\"4690844\" data-element_type=\"widget\" data-widget_type=\"image.default\">\n\t\t\t\t<div class=\"elementor-widget-container\">\n\t\t\t\t\t\t\t\t\t\t\t\t\t\t\t<img fetchpriority=\"high\" decoding=\"async\" width=\"1000\" height=\"667\" src=\"https:\/\/www.pamacom.com\/wp-content\/uploads\/2024\/01\/materiale_e_componmenti_3.jpg\" class=\"attachment-full size-full wp-image-938\" alt=\"\" srcset=\"https:\/\/www.pamacom.com\/wp-content\/uploads\/2024\/01\/materiale_e_componmenti_3.jpg 1000w, https:\/\/www.pamacom.com\/wp-content\/uploads\/2024\/01\/materiale_e_componmenti_3-300x200.jpg 300w, https:\/\/www.pamacom.com\/wp-content\/uploads\/2024\/01\/materiale_e_componmenti_3-768x512.jpg 768w\" sizes=\"(max-width: 1000px) 100vw, 1000px\" \/>\t\t\t\t\t\t\t\t\t\t\t\t\t\t\t<\/div>\n\t\t\t\t<\/div>\n\t\t\t\t\t<\/div>\n\t\t<\/div>\n\t\t\t\t\t<\/div>\n\t\t<\/section>\n\t\t\t\t<section class=\"elementor-section elementor-top-section elementor-element elementor-element-5f153d9 elementor-section-boxed elementor-section-height-default elementor-section-height-default\" data-id=\"5f153d9\" data-element_type=\"section\" data-settings=\"{&quot;jet_parallax_layout_list&quot;:[]}\">\n\t\t\t\t\t\t<div class=\"elementor-container elementor-column-gap-default\">\n\t\t\t\t\t<div class=\"elementor-column elementor-col-100 elementor-top-column elementor-element elementor-element-ade7a64\" data-id=\"ade7a64\" data-element_type=\"column\">\n\t\t\t<div class=\"elementor-widget-wrap elementor-element-populated\">\n\t\t\t\t\t\t<div class=\"elementor-element elementor-element-3f9f599 elementor-invisible elementor-widget elementor-widget-heading\" data-id=\"3f9f599\" data-element_type=\"widget\" data-settings=\"{&quot;_animation&quot;:&quot;fadeInUp&quot;}\" data-widget_type=\"heading.default\">\n\t\t\t\t<div class=\"elementor-widget-container\">\n\t\t\t\t\t<h2 class=\"elementor-heading-title elementor-size-default\">Approvisionnement<\/h2>\t\t\t\t<\/div>\n\t\t\t\t<\/div>\n\t\t\t\t<div class=\"elementor-element elementor-element-cbb752a elementor-invisible elementor-widget elementor-widget-heading\" data-id=\"cbb752a\" data-element_type=\"widget\" data-settings=\"{&quot;_animation&quot;:&quot;fadeInUp&quot;}\" data-widget_type=\"heading.default\">\n\t\t\t\t<div class=\"elementor-widget-container\">\n\t\t\t\t\t<h2 class=\"elementor-heading-title elementor-size-default\"><em> pour la production de chaussures<\/em><\/h2>\t\t\t\t<\/div>\n\t\t\t\t<\/div>\n\t\t\t\t<div class=\"elementor-element elementor-element-7b096dd elementor-invisible elementor-widget elementor-widget-text-editor\" data-id=\"7b096dd\" data-element_type=\"widget\" data-settings=\"{&quot;_animation&quot;:&quot;fadeInUp&quot;,&quot;_animation_delay&quot;:500}\" data-widget_type=\"text-editor.default\">\n\t\t\t\t<div class=\"elementor-widget-container\">\n\t\t\t\t\t\t\t\t\t<p>Fourniture de tout ce dont vous avez besoin pour la production de chaussures et d\u2019accessoires connexes.<\/p>\n<p>De la semence aux boucles, en passant par les lacets, les formes, les tiges, les embouts, les contreforts et la cellulose, ainsi que les doublures et les mat\u00e9riaux sup\u00e9rieurs synth\u00e9tiques<\/p>\n\t\t\t\t\t\t\t\t<\/div>\n\t\t\t\t<\/div>\n\t\t\t\t\t<\/div>\n\t\t<\/div>\n\t\t\t\t\t<\/div>\n\t\t<\/section>\n\t\t\t\t<section class=\"elementor-section elementor-top-section elementor-element elementor-element-8010798 elementor-section-boxed elementor-section-height-default elementor-section-height-default elementor-invisible\" data-id=\"8010798\" data-element_type=\"section\" data-settings=\"{&quot;jet_parallax_layout_list&quot;:[],&quot;animation&quot;:&quot;fadeInUp&quot;,&quot;animation_delay&quot;:500}\">\n\t\t\t\t\t\t<div class=\"elementor-container elementor-column-gap-default\">\n\t\t\t\t\t<div class=\"elementor-column elementor-col-100 elementor-top-column elementor-element elementor-element-1ae6f34\" data-id=\"1ae6f34\" data-element_type=\"column\">\n\t\t\t<div class=\"elementor-widget-wrap elementor-element-populated\">\n\t\t\t\t\t\t<div class=\"elementor-element elementor-element-2a58156 elementor-arrows-position-inside elementor-pagination-position-outside elementor-widget elementor-widget-image-carousel\" data-id=\"2a58156\" data-element_type=\"widget\" data-settings=\"{&quot;slides_to_show&quot;:&quot;2&quot;,&quot;slides_to_scroll&quot;:&quot;1&quot;,&quot;lazyload&quot;:&quot;yes&quot;,&quot;navigation&quot;:&quot;both&quot;,&quot;autoplay&quot;:&quot;yes&quot;,&quot;pause_on_hover&quot;:&quot;yes&quot;,&quot;pause_on_interaction&quot;:&quot;yes&quot;,&quot;autoplay_speed&quot;:5000,&quot;infinite&quot;:&quot;yes&quot;,&quot;speed&quot;:500,&quot;image_spacing_custom&quot;:{&quot;unit&quot;:&quot;px&quot;,&quot;size&quot;:20,&quot;sizes&quot;:[]},&quot;image_spacing_custom_tablet&quot;:{&quot;unit&quot;:&quot;px&quot;,&quot;size&quot;:&quot;&quot;,&quot;sizes&quot;:[]},&quot;image_spacing_custom_mobile&quot;:{&quot;unit&quot;:&quot;px&quot;,&quot;size&quot;:&quot;&quot;,&quot;sizes&quot;:[]}}\" data-widget_type=\"image-carousel.default\">\n\t\t\t\t<div class=\"elementor-widget-container\">\n\t\t\t\t\t\t\t<div class=\"elementor-image-carousel-wrapper swiper\" role=\"region\" aria-roledescription=\"carousel\" aria-label=\"Carrousel d\u2019images\" dir=\"ltr\">\n\t\t\t<div class=\"elementor-image-carousel swiper-wrapper swiper-image-stretch\" aria-live=\"off\">\n\t\t\t\t\t\t\t\t<div class=\"swiper-slide\" role=\"group\" aria-roledescription=\"slide\" aria-label=\"1 sur 5\"><a data-elementor-open-lightbox=\"yes\" data-elementor-lightbox-slideshow=\"2a58156\" data-elementor-lightbox-title=\"Materiale componenti ed accessori per calzature\" data-e-action-hash=\"#elementor-action%3Aaction%3Dlightbox%26settings%3DeyJpZCI6OTM4LCJ1cmwiOiJodHRwczpcL1wvd3d3LnBhbWFjb20uY29tXC93cC1jb250ZW50XC91cGxvYWRzXC8yMDI0XC8wMVwvbWF0ZXJpYWxlX2VfY29tcG9ubWVudGlfMy5qcGciLCJzbGlkZXNob3ciOiIyYTU4MTU2In0%3D\" href=\"https:\/\/www.pamacom.com\/wp-content\/uploads\/2024\/01\/materiale_e_componmenti_3.jpg\"><figure class=\"swiper-slide-inner\"><img class=\"swiper-slide-image swiper-lazy\" data-src=\"https:\/\/www.pamacom.com\/wp-content\/uploads\/2024\/01\/materiale_e_componmenti_3.jpg\" alt=\"Materiale componenti ed accessori per calzature\" \/><div class=\"swiper-lazy-preloader\"><\/div><\/figure><\/a><\/div><div class=\"swiper-slide\" role=\"group\" aria-roledescription=\"slide\" aria-label=\"2 sur 5\"><a data-elementor-open-lightbox=\"yes\" data-elementor-lightbox-slideshow=\"2a58156\" data-elementor-lightbox-title=\"Materiale componenti ed accessori per calzature\" data-e-action-hash=\"#elementor-action%3Aaction%3Dlightbox%26settings%3DeyJpZCI6OTM2LCJ1cmwiOiJodHRwczpcL1wvd3d3LnBhbWFjb20uY29tXC93cC1jb250ZW50XC91cGxvYWRzXC8yMDI0XC8wMVwvbWF0ZXJpYWxlX2VfY29tcG9ubWVudGkuanBnIiwic2xpZGVzaG93IjoiMmE1ODE1NiJ9\" href=\"https:\/\/www.pamacom.com\/wp-content\/uploads\/2024\/01\/materiale_e_componmenti.jpg\"><figure class=\"swiper-slide-inner\"><img class=\"swiper-slide-image swiper-lazy\" data-src=\"https:\/\/www.pamacom.com\/wp-content\/uploads\/2024\/01\/materiale_e_componmenti.jpg\" alt=\"Materiale componenti ed accessori per calzature\" \/><div class=\"swiper-lazy-preloader\"><\/div><\/figure><\/a><\/div><div class=\"swiper-slide\" role=\"group\" aria-roledescription=\"slide\" aria-label=\"3 sur 5\"><a data-elementor-open-lightbox=\"yes\" data-elementor-lightbox-slideshow=\"2a58156\" data-elementor-lightbox-title=\"Materiale componenti ed accessori per calzature\" data-e-action-hash=\"#elementor-action%3Aaction%3Dlightbox%26settings%3DeyJpZCI6OTM5LCJ1cmwiOiJodHRwczpcL1wvd3d3LnBhbWFjb20uY29tXC93cC1jb250ZW50XC91cGxvYWRzXC8yMDI0XC8wMVwvbWF0ZXJpYWxlX2VfY29tcG9ubWVudGlfNC5qcGciLCJzbGlkZXNob3ciOiIyYTU4MTU2In0%3D\" href=\"https:\/\/www.pamacom.com\/wp-content\/uploads\/2024\/01\/materiale_e_componmenti_4.jpg\"><figure class=\"swiper-slide-inner\"><img class=\"swiper-slide-image swiper-lazy\" data-src=\"https:\/\/www.pamacom.com\/wp-content\/uploads\/2024\/01\/materiale_e_componmenti_4.jpg\" alt=\"Materiale componenti ed accessori per calzature\" \/><div class=\"swiper-lazy-preloader\"><\/div><\/figure><\/a><\/div><div class=\"swiper-slide\" role=\"group\" aria-roledescription=\"slide\" aria-label=\"4 sur 5\"><a data-elementor-open-lightbox=\"yes\" data-elementor-lightbox-slideshow=\"2a58156\" data-elementor-lightbox-title=\"Materiale componenti ed accessori per calzature\" data-e-action-hash=\"#elementor-action%3Aaction%3Dlightbox%26settings%3DeyJpZCI6OTM1LCJ1cmwiOiJodHRwczpcL1wvd3d3LnBhbWFjb20uY29tXC93cC1jb250ZW50XC91cGxvYWRzXC8yMDI0XC8wMVwvbWF0ZXJpYWxlX2VfY29tcG9ubWVudGlfNS5qcGciLCJzbGlkZXNob3ciOiIyYTU4MTU2In0%3D\" href=\"https:\/\/www.pamacom.com\/wp-content\/uploads\/2024\/01\/materiale_e_componmenti_5.jpg\"><figure class=\"swiper-slide-inner\"><img class=\"swiper-slide-image swiper-lazy\" data-src=\"https:\/\/www.pamacom.com\/wp-content\/uploads\/2024\/01\/materiale_e_componmenti_5.jpg\" alt=\"Materiale componenti ed accessori per calzature\" \/><div class=\"swiper-lazy-preloader\"><\/div><\/figure><\/a><\/div><div class=\"swiper-slide\" role=\"group\" aria-roledescription=\"slide\" aria-label=\"5 sur 5\"><a data-elementor-open-lightbox=\"yes\" data-elementor-lightbox-slideshow=\"2a58156\" data-elementor-lightbox-title=\"2-p\" data-e-action-hash=\"#elementor-action%3Aaction%3Dlightbox%26settings%3DeyJpZCI6MTIyMSwidXJsIjoiaHR0cHM6XC9cL3d3dy5wYW1hY29tLmNvbVwvd3AtY29udGVudFwvdXBsb2Fkc1wvMjAyNFwvMDNcLzItcC5qcGciLCJzbGlkZXNob3ciOiIyYTU4MTU2In0%3D\" href=\"https:\/\/www.pamacom.com\/wp-content\/uploads\/2024\/03\/2-p.jpg\"><figure class=\"swiper-slide-inner\"><img class=\"swiper-slide-image swiper-lazy\" data-src=\"https:\/\/www.pamacom.com\/wp-content\/uploads\/2024\/03\/2-p.jpg\" alt=\"2-p\" \/><div class=\"swiper-lazy-preloader\"><\/div><\/figure><\/a><\/div>\t\t\t<\/div>\n\t\t\t\t\t\t\t\t\t\t\t\t<div class=\"elementor-swiper-button elementor-swiper-button-prev\" role=\"button\" tabindex=\"0\">\n\t\t\t\t\t\t<i aria-hidden=\"true\" class=\"eicon-chevron-left\"><\/i>\t\t\t\t\t<\/div>\n\t\t\t\t\t<div class=\"elementor-swiper-button elementor-swiper-button-next\" role=\"button\" tabindex=\"0\">\n\t\t\t\t\t\t<i aria-hidden=\"true\" class=\"eicon-chevron-right\"><\/i>\t\t\t\t\t<\/div>\n\t\t\t\t\n\t\t\t\t\t\t\t\t\t<div class=\"swiper-pagination\"><\/div>\n\t\t\t\t\t\t\t\t\t<\/div>\n\t\t\t\t\t\t<\/div>\n\t\t\t\t<\/div>\n\t\t\t\t\t<\/div>\n\t\t<\/div>\n\t\t\t\t\t<\/div>\n\t\t<\/section>\n\t\t\t\t<\/div>\n\t\t","protected":false},"excerpt":{"rendered":"<p>Home Approvisionnement pour la production de chaussures Approvisionnement pour la production de chaussures Fourniture de tout ce dont vous avez besoin pour la production de chaussures et d\u2019accessoires connexes. De la semence aux boucles, en passant par les lacets, les formes, les tiges, les embouts, les contreforts et la cellulose, ainsi que les doublures et [&hellip;]<\/p>\n","protected":false},"author":1,"featured_media":0,"parent":1517,"menu_order":0,"comment_status":"closed","ping_status":"closed","template":"full-width.php","meta":{"_acf_changed":false,"footnotes":""},"class_list":["post-1585","page","type-page","status-publish","hentry"],"acf":[],"yoast_head":"<!-- This site is optimized with the Yoast SEO plugin v26.6 - https:\/\/yoast.com\/wordpress\/plugins\/seo\/ -->\n<title>Mat\u00e9riel composants et accessoires pour chaussures - Pamacom<\/title>\n<meta name=\"description\" content=\"Mat\u00e9riel : composants et accessoires pour chaussures Fourniture de tout ce dont vous avez besoin pour la production de chaussures et d\u2019accessoires connexes.\" \/>\n<meta name=\"robots\" content=\"index, follow, max-snippet:-1, max-image-preview:large, max-video-preview:-1\" \/>\n<link rel=\"canonical\" href=\"https:\/\/www.pamacom.com\/fr\/produits\/materiel-composants-et-accessoires-pour-chaussures\/\" \/>\n<meta property=\"og:locale\" content=\"fr_FR\" \/>\n<meta property=\"og:type\" content=\"article\" \/>\n<meta property=\"og:title\" content=\"Mat\u00e9riel composants et accessoires pour chaussures - Pamacom\" \/>\n<meta property=\"og:description\" content=\"Mat\u00e9riel : composants et accessoires pour chaussures Fourniture de tout ce dont vous avez besoin pour la production de chaussures et d\u2019accessoires connexes.\" \/>\n<meta property=\"og:url\" content=\"https:\/\/www.pamacom.com\/fr\/produits\/materiel-composants-et-accessoires-pour-chaussures\/\" \/>\n<meta property=\"og:site_name\" content=\"Pamacom\" \/>\n<meta property=\"article:modified_time\" content=\"2024-05-24T15:16:35+00:00\" \/>\n<meta property=\"og:image\" content=\"https:\/\/www.pamacom.com\/wp-content\/uploads\/2024\/01\/materiale_e_componmenti_3.jpg\" \/>\n<meta name=\"twitter:card\" content=\"summary_large_image\" \/>\n<meta name=\"twitter:label1\" content=\"Dur\u00e9e de lecture estim\u00e9e\" \/>\n\t<meta name=\"twitter:data1\" content=\"2 minutes\" \/>\n<script type=\"application\/ld+json\" class=\"yoast-schema-graph\">{\"@context\":\"https:\/\/schema.org\",\"@graph\":[{\"@type\":\"WebPage\",\"@id\":\"https:\/\/www.pamacom.com\/fr\/produits\/materiel-composants-et-accessoires-pour-chaussures\/\",\"url\":\"https:\/\/www.pamacom.com\/fr\/produits\/materiel-composants-et-accessoires-pour-chaussures\/\",\"name\":\"Mat\u00e9riel composants et accessoires pour chaussures - Pamacom\",\"isPartOf\":{\"@id\":\"https:\/\/www.pamacom.com\/fr\/#website\"},\"primaryImageOfPage\":{\"@id\":\"https:\/\/www.pamacom.com\/fr\/produits\/materiel-composants-et-accessoires-pour-chaussures\/#primaryimage\"},\"image\":{\"@id\":\"https:\/\/www.pamacom.com\/fr\/produits\/materiel-composants-et-accessoires-pour-chaussures\/#primaryimage\"},\"thumbnailUrl\":\"https:\/\/www.pamacom.com\/wp-content\/uploads\/2024\/01\/materiale_e_componmenti_3.jpg\",\"datePublished\":\"2020-01-01T04:46:18+00:00\",\"dateModified\":\"2024-05-24T15:16:35+00:00\",\"description\":\"Mat\u00e9riel : composants et accessoires pour chaussures Fourniture de tout ce dont vous avez besoin pour la production de chaussures et d\u2019accessoires connexes.\",\"breadcrumb\":{\"@id\":\"https:\/\/www.pamacom.com\/fr\/produits\/materiel-composants-et-accessoires-pour-chaussures\/#breadcrumb\"},\"inLanguage\":\"fr-FR\",\"potentialAction\":[{\"@type\":\"ReadAction\",\"target\":[\"https:\/\/www.pamacom.com\/fr\/produits\/materiel-composants-et-accessoires-pour-chaussures\/\"]}]},{\"@type\":\"ImageObject\",\"inLanguage\":\"fr-FR\",\"@id\":\"https:\/\/www.pamacom.com\/fr\/produits\/materiel-composants-et-accessoires-pour-chaussures\/#primaryimage\",\"url\":\"https:\/\/www.pamacom.com\/wp-content\/uploads\/2024\/01\/materiale_e_componmenti_3.jpg\",\"contentUrl\":\"https:\/\/www.pamacom.com\/wp-content\/uploads\/2024\/01\/materiale_e_componmenti_3.jpg\"},{\"@type\":\"BreadcrumbList\",\"@id\":\"https:\/\/www.pamacom.com\/fr\/produits\/materiel-composants-et-accessoires-pour-chaussures\/#breadcrumb\",\"itemListElement\":[{\"@type\":\"ListItem\",\"position\":1,\"name\":\"Home\",\"item\":\"https:\/\/www.pamacom.com\/fr\/\"},{\"@type\":\"ListItem\",\"position\":2,\"name\":\"Produits\",\"item\":\"https:\/\/www.pamacom.com\/fr\/prodotti\/\"},{\"@type\":\"ListItem\",\"position\":3,\"name\":\"Mat\u00e9riel composants et accessoires pour chaussures\"}]},{\"@type\":\"WebSite\",\"@id\":\"https:\/\/www.pamacom.com\/fr\/#website\",\"url\":\"https:\/\/www.pamacom.com\/fr\/\",\"name\":\"Pamacom\",\"description\":\"Impianti macchine e stampi per la produzione di calzature\",\"potentialAction\":[{\"@type\":\"SearchAction\",\"target\":{\"@type\":\"EntryPoint\",\"urlTemplate\":\"https:\/\/www.pamacom.com\/fr\/?s={search_term_string}\"},\"query-input\":{\"@type\":\"PropertyValueSpecification\",\"valueRequired\":true,\"valueName\":\"search_term_string\"}}],\"inLanguage\":\"fr-FR\"}]}<\/script>\n<!-- \/ Yoast SEO plugin. -->","yoast_head_json":{"title":"Mat\u00e9riel composants et accessoires pour chaussures - Pamacom","description":"Mat\u00e9riel : composants et accessoires pour chaussures Fourniture de tout ce dont vous avez besoin pour la production de chaussures et d\u2019accessoires connexes.","robots":{"index":"index","follow":"follow","max-snippet":"max-snippet:-1","max-image-preview":"max-image-preview:large","max-video-preview":"max-video-preview:-1"},"canonical":"https:\/\/www.pamacom.com\/fr\/produits\/materiel-composants-et-accessoires-pour-chaussures\/","og_locale":"fr_FR","og_type":"article","og_title":"Mat\u00e9riel composants et accessoires pour chaussures - Pamacom","og_description":"Mat\u00e9riel : composants et accessoires pour chaussures Fourniture de tout ce dont vous avez besoin pour la production de chaussures et d\u2019accessoires connexes.","og_url":"https:\/\/www.pamacom.com\/fr\/produits\/materiel-composants-et-accessoires-pour-chaussures\/","og_site_name":"Pamacom","article_modified_time":"2024-05-24T15:16:35+00:00","og_image":[{"url":"https:\/\/www.pamacom.com\/wp-content\/uploads\/2024\/01\/materiale_e_componmenti_3.jpg","type":"","width":"","height":""}],"twitter_card":"summary_large_image","twitter_misc":{"Dur\u00e9e de lecture estim\u00e9e":"2 minutes"},"schema":{"@context":"https:\/\/schema.org","@graph":[{"@type":"WebPage","@id":"https:\/\/www.pamacom.com\/fr\/produits\/materiel-composants-et-accessoires-pour-chaussures\/","url":"https:\/\/www.pamacom.com\/fr\/produits\/materiel-composants-et-accessoires-pour-chaussures\/","name":"Mat\u00e9riel composants et accessoires pour chaussures - Pamacom","isPartOf":{"@id":"https:\/\/www.pamacom.com\/fr\/#website"},"primaryImageOfPage":{"@id":"https:\/\/www.pamacom.com\/fr\/produits\/materiel-composants-et-accessoires-pour-chaussures\/#primaryimage"},"image":{"@id":"https:\/\/www.pamacom.com\/fr\/produits\/materiel-composants-et-accessoires-pour-chaussures\/#primaryimage"},"thumbnailUrl":"https:\/\/www.pamacom.com\/wp-content\/uploads\/2024\/01\/materiale_e_componmenti_3.jpg","datePublished":"2020-01-01T04:46:18+00:00","dateModified":"2024-05-24T15:16:35+00:00","description":"Mat\u00e9riel : composants et accessoires pour chaussures Fourniture de tout ce dont vous avez besoin pour la production de chaussures et d\u2019accessoires connexes.","breadcrumb":{"@id":"https:\/\/www.pamacom.com\/fr\/produits\/materiel-composants-et-accessoires-pour-chaussures\/#breadcrumb"},"inLanguage":"fr-FR","potentialAction":[{"@type":"ReadAction","target":["https:\/\/www.pamacom.com\/fr\/produits\/materiel-composants-et-accessoires-pour-chaussures\/"]}]},{"@type":"ImageObject","inLanguage":"fr-FR","@id":"https:\/\/www.pamacom.com\/fr\/produits\/materiel-composants-et-accessoires-pour-chaussures\/#primaryimage","url":"https:\/\/www.pamacom.com\/wp-content\/uploads\/2024\/01\/materiale_e_componmenti_3.jpg","contentUrl":"https:\/\/www.pamacom.com\/wp-content\/uploads\/2024\/01\/materiale_e_componmenti_3.jpg"},{"@type":"BreadcrumbList","@id":"https:\/\/www.pamacom.com\/fr\/produits\/materiel-composants-et-accessoires-pour-chaussures\/#breadcrumb","itemListElement":[{"@type":"ListItem","position":1,"name":"Home","item":"https:\/\/www.pamacom.com\/fr\/"},{"@type":"ListItem","position":2,"name":"Produits","item":"https:\/\/www.pamacom.com\/fr\/prodotti\/"},{"@type":"ListItem","position":3,"name":"Mat\u00e9riel composants et accessoires pour chaussures"}]},{"@type":"WebSite","@id":"https:\/\/www.pamacom.com\/fr\/#website","url":"https:\/\/www.pamacom.com\/fr\/","name":"Pamacom","description":"Impianti macchine e stampi per la produzione di calzature","potentialAction":[{"@type":"SearchAction","target":{"@type":"EntryPoint","urlTemplate":"https:\/\/www.pamacom.com\/fr\/?s={search_term_string}"},"query-input":{"@type":"PropertyValueSpecification","valueRequired":true,"valueName":"search_term_string"}}],"inLanguage":"fr-FR"}]}},"_links":{"self":[{"href":"https:\/\/www.pamacom.com\/fr\/wp-json\/wp\/v2\/pages\/1585","targetHints":{"allow":["GET"]}}],"collection":[{"href":"https:\/\/www.pamacom.com\/fr\/wp-json\/wp\/v2\/pages"}],"about":[{"href":"https:\/\/www.pamacom.com\/fr\/wp-json\/wp\/v2\/types\/page"}],"author":[{"embeddable":true,"href":"https:\/\/www.pamacom.com\/fr\/wp-json\/wp\/v2\/users\/1"}],"replies":[{"embeddable":true,"href":"https:\/\/www.pamacom.com\/fr\/wp-json\/wp\/v2\/comments?post=1585"}],"version-history":[{"count":2,"href":"https:\/\/www.pamacom.com\/fr\/wp-json\/wp\/v2\/pages\/1585\/revisions"}],"predecessor-version":[{"id":1594,"href":"https:\/\/www.pamacom.com\/fr\/wp-json\/wp\/v2\/pages\/1585\/revisions\/1594"}],"up":[{"embeddable":true,"href":"https:\/\/www.pamacom.com\/fr\/wp-json\/wp\/v2\/pages\/1517"}],"wp:attachment":[{"href":"https:\/\/www.pamacom.com\/fr\/wp-json\/wp\/v2\/media?parent=1585"}],"curies":[{"name":"wp","href":"https:\/\/api.w.org\/{rel}","templated":true}]}}